{"id":7950,"date":"2016-07-28T10:46:34","date_gmt":"2016-07-28T10:46:34","guid":{"rendered":"http:\/\/themicart.com\/interico-wp\/?page_id=15"},"modified":"2021-04-20T15:38:05","modified_gmt":"2021-04-20T15:38:05","slug":"about-us","status":"publish","type":"page","link":"https:\/\/henrycath.com\/en\/about-us\/","title":{"rendered":"ABOUT US"},"content":{"rendered":"<div class=\"vc_row wpb_row vc_row-fluid vc_custom_1536842181479 vc_column-gap-15\"><div class=\"wpb_column vc_column_container vc_col-sm-4\"><div class=\"vc_column-inner\"><div class=\"wpb_wrapper\">\n\t<div class=\"wpb_text_column wpb_content_element\" >\n\t\t<div class=\"wpb_wrapper\">\n\t\t\t<h3>Henry Cathdesigns and crafts lighting and furniture in Marrakech<\/h3>\n\n\t\t<\/div>\n\t<\/div>\n<div class=\"dash style-gray default\"><\/div><\/div><\/div><\/div><div class=\"wpb_column vc_column_container vc_col-sm-8\"><div class=\"vc_column-inner\"><div class=\"wpb_wrapper\">\n\t<div class=\"wpb_text_column wpb_content_element\" >\n\t\t<div class=\"wpb_wrapper\">\n\t\t\t<p>Our collections revisit Moroccan craftsmanship by adding a distinctly personal touch. Moreover, we have been specialising in made to measure manufacture for hospitality professionals since 1997. We are located at the heart of the industrial areaand a 600 m2 show room awaits your visit.<\/p>\n<p>With the aim of producing an extremely high quality finish, Henry Cath has chosen to bring together over 40 qualified craftsmenin one place and it has set up several workshops : metalwork, woodwork, ironwork, painting, lamp shades. This production capacity enables the demands of professionals and private individuals both in Morocco and abroad to be met.<\/p>\n\n\t\t<\/div>\n\t<\/div>\n<\/div><\/div><\/div><\/div><div data-vc-full-width=\"true\" data-vc-full-width-init=\"false\" class=\"vc_row wpb_row vc_row-fluid vc_custom_1594316196696 vc_row-has-fill\"><div class=\"wpb_column vc_column_container vc_col-sm-12\"><div class=\"vc_column-inner\"><div class=\"wpb_wrapper\"><span class=\"subtitle dash-false style-light text-center\">OUR STORY<\/span>\n\t<div class=\"wpb_text_column wpb_content_element\" >\n\t\t<div class=\"wpb_wrapper\">\n\t\t\t<h3 style=\"text-align: center;\"><span style=\"color: #ffffff;\">A passionate couple, inspired by Marrakech and its craftsmanship<\/span><\/h3>\n\n\t\t<\/div>\n\t<\/div>\n<div class=\"dash style-light centered\"><\/div><div class=\"vc_row wpb_row vc_inner vc_row-fluid vc_custom_1595030113736\"><div class=\"wpb_column vc_column_container vc_col-sm-4\"><div class=\"vc_column-inner\"><div class=\"wpb_wrapper\"><\/div><\/div><\/div><div class=\"wpb_column vc_column_container vc_col-sm-4\"><div class=\"vc_column-inner\"><div class=\"wpb_wrapper\"><div class=\"team-member dark\"><div class=\"content-box\"><div class=\"image-container\"><div class=\"member-details\"><hr><span class=\"member-info\">The story of Henry Cath is that of a Parisian couple arriving in Marrakech in 1997. Fascinated by Moroccan craftsmanship Henry and Catherine soon broadened their experience. Their first venture was to open a workshop producing lamp shades and frames in the Gu\u00e9liz district. Very quickly, their style caught on : decorative items and elegant lighting with an oriental touch. The quality of the finish and the uniqueness of the designs have become the signature of innovative creations that are entirely hand made.<\/span><hr><\/div><div class=\"side-overlay\"><\/div><div class=\"vertical-number-box\"><span class=\"vertical-number\">Fondateur et G\u00e9rant<\/span><\/div><img src=\"https:\/\/henrycath.com\/wp-content\/uploads\/2020\/07\/img_about_henry_et_cath_lejeune.jpg\" alt=\"Henry et Catherine\"><\/div><div class=\"content-box-info\"><h4>Henry and Catherine<\/h4><\/div><\/div><\/div><\/div><\/div><\/div><div class=\"wpb_column vc_column_container vc_col-sm-4\"><div class=\"vc_column-inner\"><div class=\"wpb_wrapper\"><\/div><\/div><\/div><\/div><\/div><\/div><\/div><\/div><div class=\"vc_row-full-width vc_clearfix\"><\/div><div class=\"vc_row wpb_row vc_row-fluid vc_custom_1534856978934 vc_row-o-content-middle vc_row-flex\"><div class=\"wpb_column vc_column_container vc_col-sm-6\"><div class=\"vc_column-inner\"><div class=\"wpb_wrapper\"><div class=\"vc_row wpb_row vc_inner vc_row-fluid overlap-right\"><div class=\"shadow-box wpb_column vc_column_container vc_col-sm-12\"><div class=\"vc_column-inner\"><div class=\"wpb_wrapper\"><span class=\"subtitle dash-false style-dark text-default\">WELCOME IN<\/span>\n\t<div class=\"wpb_text_column wpb_content_element\" >\n\t\t<div class=\"wpb_wrapper\">\n\t\t\t<h2>WELCOME TO OUR SHOWROOM\nIN MARRAKECH<\/h2>\n\n\t\t<\/div>\n\t<\/div>\n<div class=\"dash style-dark default\"><\/div>\n\t<div class=\"wpb_text_column wpb_content_element\" >\n\t\t<div class=\"wpb_wrapper\">\n\t\t\t<p>Un lieu pour vous inspirer dans votre qu\u00eate d&rsquo;originalit\u00e9 et d\u2019\u00e9l\u00e9gance<\/p>\n<p>The different models available or to order are displayed in 600 m2 in the heart of the SidiGhanem industrial zone.<\/p>\n<p>Open to professionals and private individuals, this space is a source of inspiration for the decoration of your interior or your garden. Articles from the brand such as lamp shades, lamps and mirrors are also on sale according to availability.<\/p>\n<p>You are very welcome to pay us a visit in order to discover this exceptional space which pays tribute to the fusion of tradition with modernity.<\/p>\n\n\t\t<\/div>\n\t<\/div>\n<\/div><\/div><\/div><\/div><\/div><\/div><\/div><div class=\"wpb_column vc_column_container vc_col-sm-6\"><div class=\"vc_column-inner\"><div class=\"wpb_wrapper\">\n\t<div  class=\"wpb_single_image wpb_content_element vc_align_left\">\n\t\t\n\t\t<figure class=\"wpb_wrapper vc_figure\">\n\t\t\t<a href=\"https:\/\/henrycath.com\/wp-content\/uploads\/2020\/07\/img_about_our_showroom-1.jpg\" target=\"_self\" class=\"vc_single_image-wrapper   vc_box_border_grey\"><img width=\"700\" height=\"900\" src=\"https:\/\/henrycath.com\/wp-content\/uploads\/2020\/07\/img_about_our_showroom-1.jpg\" class=\"vc_single_image-img attachment-full\" alt=\"\" loading=\"lazy\" srcset=\"https:\/\/henrycath.com\/wp-content\/uploads\/2020\/07\/img_about_our_showroom-1.jpg 700w, https:\/\/henrycath.com\/wp-content\/uploads\/2020\/07\/img_about_our_showroom-1-600x771.jpg 600w\" sizes=\"(max-width: 700px) 100vw, 700px\" \/><\/a>\n\t\t<\/figure>\n\t<\/div>\n<\/div><\/div><\/div><\/div><div class=\"vc_row wpb_row vc_row-fluid vc_custom_1537429589105\"><div class=\"wpb_column vc_column_container vc_col-sm-6\"><div class=\"vc_column-inner\"><div class=\"wpb_wrapper\">\n\t<div  class=\"wpb_single_image wpb_content_element vc_align_left\">\n\t\t\n\t\t<figure class=\"wpb_wrapper vc_figure\">\n\t\t\t<div class=\"vc_single_image-wrapper   vc_box_border_grey\"><img width=\"700\" height=\"900\" src=\"https:\/\/henrycath.com\/wp-content\/uploads\/2020\/07\/img_about_our_philosophy.jpg\" class=\"vc_single_image-img attachment-full\" alt=\"\" loading=\"lazy\" srcset=\"https:\/\/henrycath.com\/wp-content\/uploads\/2020\/07\/img_about_our_philosophy.jpg 700w, https:\/\/henrycath.com\/wp-content\/uploads\/2020\/07\/img_about_our_philosophy-600x771.jpg 600w\" sizes=\"(max-width: 700px) 100vw, 700px\" \/><\/div>\n\t\t<\/figure>\n\t<\/div>\n<\/div><\/div><\/div><div class=\"wpb_column vc_column_container vc_col-sm-6\"><div class=\"vc_column-inner\"><div class=\"wpb_wrapper\"><div class=\"vc_row wpb_row vc_inner vc_row-fluid overlap-left\"><div class=\"shadow-box wpb_column vc_column_container vc_col-sm-12\"><div class=\"vc_column-inner\"><div class=\"wpb_wrapper\"><span class=\"subtitle dash-false style-dark text-default\">ABOUT US<\/span>\n\t<div class=\"wpb_text_column wpb_content_element\" >\n\t\t<div class=\"wpb_wrapper\">\n\t\t\t<h2>Our workethics<\/h2>\n\n\t\t<\/div>\n\t<\/div>\n<div class=\"dash style-dark default\"><\/div>\n\t<div class=\"wpb_text_column wpb_content_element\" >\n\t\t<div class=\"wpb_wrapper\">\n\t\t\t<p>Driven by a sense of family, Henry Cath has anchored its destiny with men and women who have gained rare skills as part of the team.<\/p>\n<p>De par nos valeurs fondatrices, l&rsquo;\u00eatre humain est au c\u0153ur de notre activit\u00e9. Henry Cath respecte la l\u00e9gislation du travail au Maroc et assure un revenu mensuel pour tous ses employ\u00e9s.<\/p>\n\n\t\t<\/div>\n\t<\/div>\n\n\t<div class=\"wpb_text_column wpb_content_element\" >\n\t\t<div class=\"wpb_wrapper\">\n\t\t\t\n\t\t<\/div>\n\t<\/div>\n<\/div><\/div><\/div><\/div><\/div><\/div><\/div><\/div><div class=\"vc_row wpb_row vc_row-fluid vc_custom_1534856978934 vc_row-o-content-middle vc_row-flex\"><div class=\"wpb_column vc_column_container vc_col-sm-6\"><div class=\"vc_column-inner\"><div class=\"wpb_wrapper\"><div class=\"vc_row wpb_row vc_inner vc_row-fluid overlap-right\"><div class=\"shadow-box wpb_column vc_column_container vc_col-sm-12\"><div class=\"vc_column-inner\"><div class=\"wpb_wrapper\"><span class=\"subtitle dash-false style-dark text-default\">A LITTLE STROLL AROUND<\/span>\n\t<div class=\"wpb_text_column wpb_content_element\" >\n\t\t<div class=\"wpb_wrapper\">\n\t\t\t<h2>Marrakesh, the red city<\/h2>\n\n\t\t<\/div>\n\t<\/div>\n<div class=\"dash style-dark default\"><\/div>\n\t<div class=\"wpb_text_column wpb_content_element\" >\n\t\t<div class=\"wpb_wrapper\">\n\t\t\t<p>Once upon a time in Marrakech, Henry and Catherine\u2026 From the very moment they arrived, their designs were inspired by the magic of the ochre city with its earthy colours, its joyful throng, the unusual materials\u2026<\/p>\n<p>Almost immediately, through contact with local craftsmen, they were gifted with new know-how. They will be forever grateful to this city and to its residents for having opened their doors to them.<\/p>\n\n\t\t<\/div>\n\t<\/div>\n<\/div><\/div><\/div><\/div><\/div><\/div><\/div><div class=\"wpb_column vc_column_container vc_col-sm-6\"><div class=\"vc_column-inner\"><div class=\"wpb_wrapper\">\n\t<div  class=\"wpb_single_image wpb_content_element vc_align_left\">\n\t\t\n\t\t<figure class=\"wpb_wrapper vc_figure\">\n\t\t\t<a href=\"https:\/\/henrycath.com\/wp-content\/uploads\/2020\/07\/img_about_hc_marrakesh-2.jpg\" target=\"_self\" class=\"vc_single_image-wrapper   vc_box_border_grey\"><img width=\"587\" height=\"740\" src=\"https:\/\/henrycath.com\/wp-content\/uploads\/2020\/07\/img_about_hc_marrakesh-2.jpg\" class=\"vc_single_image-img attachment-full\" alt=\"\" loading=\"lazy\" \/><\/a>\n\t\t<\/figure>\n\t<\/div>\n<\/div><\/div><\/div><\/div><div class=\"vc_row wpb_row vc_row-fluid spaced-top\"><div class=\"wpb_column vc_column_container vc_col-sm-12\"><div class=\"vc_column-inner\"><div class=\"wpb_wrapper\">\n\t<div class=\"wpb_text_column wpb_content_element\" >\n\t\t<div class=\"wpb_wrapper\">\n\t\t\t<h2 style=\"text-align: center;\">To find out more about our designs<\/h2>\n\n\t\t<\/div>\n\t<\/div>\n<span class=\"subtitle dash-false style-dark text-center\">TAKE A LOOK AT THEDIFFERENT CATEGORIES<\/span><\/div><\/div><\/div><\/div><div class=\"vc_row wpb_row vc_row-fluid vc_custom_1537429645867\"><div class=\"wpb_column vc_column_container vc_col-sm-12\"><div class=\"vc_column-inner\"><div class=\"wpb_wrapper\"><div class=\"wpb_images_carousel wpb_content_element vc_clearfix\"><div class=\"wpb_wrapper\"><div id=\"vc_images-carousel-1-1775478220\" data-ride=\"vc_carousel\" data-wrap=\"true\" style=\"width: 100%;\" data-interval=\"0\" data-auto-height=\"yes\" data-mode=\"horizontal\" data-partial=\"false\" data-per-view=\"4\" data-hide-on-end=\"true\" class=\"vc_slide vc_images_carousel\"><div class=\"vc_carousel-inner\"><div class=\"vc_carousel-slideline\"><div class=\"vc_carousel-slideline-inner\"><div class=\"vc_item\"><div class=\"vc_inner\"><a href=\"https:\/\/henrycath.com\/en\/suspensions\/\" target=\"_self\"><img width=\"279\" height=\"472\" src=\"https:\/\/henrycath.com\/wp-content\/uploads\/2021\/06\/SU-Eng.jpg\" class=\"attachment-full\" alt=\"\" loading=\"lazy\" \/><\/a><\/div><\/div><div class=\"vc_item\"><div class=\"vc_inner\"><a href=\"https:\/\/henrycath.com\/en\/lampes-a-poser\/\" target=\"_self\"><img width=\"279\" height=\"472\" src=\"https:\/\/henrycath.com\/wp-content\/uploads\/2021\/06\/PL-Eng.jpg\" class=\"attachment-full\" alt=\"\" loading=\"lazy\" \/><\/a><\/div><\/div><div class=\"vc_item\"><div class=\"vc_inner\"><a href=\"https:\/\/henrycath.com\/en\/mobiliers\/\" target=\"_self\"><img width=\"279\" height=\"472\" src=\"https:\/\/henrycath.com\/wp-content\/uploads\/2021\/06\/MO-Eng.jpg\" class=\"attachment-full\" alt=\"\" loading=\"lazy\" \/><\/a><\/div><\/div><div class=\"vc_item\"><div class=\"vc_inner\"><a href=\"https:\/\/henrycath.com\/en\/cadres-miroirs\/\" target=\"_self\"><img width=\"279\" height=\"472\" src=\"https:\/\/henrycath.com\/wp-content\/uploads\/2021\/06\/CM-Eng.jpg\" class=\"attachment-full\" alt=\"\" loading=\"lazy\" \/><\/a><\/div><\/div><div class=\"vc_item\"><div class=\"vc_inner\"><a href=\"https:\/\/henrycath.com\/en\/appliques\/\" target=\"_self\"><img width=\"279\" height=\"472\" src=\"https:\/\/henrycath.com\/wp-content\/uploads\/2021\/06\/AP-Eng.jpg\" class=\"attachment-full\" alt=\"\" loading=\"lazy\" \/><\/a><\/div><\/div><div class=\"vc_item\"><div class=\"vc_inner\"><a href=\"https:\/\/henrycath.com\/en\/lampes-au-sol\/\" target=\"_self\"><img width=\"279\" height=\"472\" src=\"https:\/\/henrycath.com\/wp-content\/uploads\/2021\/06\/LPA-Eng.jpg\" class=\"attachment-full\" alt=\"\" loading=\"lazy\" \/><\/a><\/div><\/div><div class=\"vc_item\"><div class=\"vc_inner\"><a href=\"https:\/\/henrycath.com\/en\/lanternes\/\" target=\"_self\"><img width=\"279\" height=\"472\" src=\"https:\/\/henrycath.com\/wp-content\/uploads\/2020\/07\/7-LAN-1.jpg\" class=\"attachment-full\" alt=\"\" loading=\"lazy\" \/><\/a><\/div><\/div><div class=\"vc_item\"><div class=\"vc_inner\"><a href=\"https:\/\/henrycath.com\/en\/abat-jour\/\" target=\"_self\"><img width=\"279\" height=\"472\" src=\"https:\/\/henrycath.com\/wp-content\/uploads\/2021\/06\/AJ-Eng.jpg\" class=\"attachment-full\" alt=\"\" loading=\"lazy\" \/><\/a><\/div><\/div><\/div><\/div><\/div><a class=\"vc_left vc_carousel-control\" href=\"#vc_images-carousel-1-1775478220\" data-slide=\"prev\"><span class=\"icon-prev\"><\/span><\/a><a class=\"vc_right vc_carousel-control\" href=\"#vc_images-carousel-1-1775478220\" data-slide=\"next\"><span class=\"icon-next\"><\/span><\/a><\/div><\/div><\/div><div  class=\"vc_wp_search wpb_content_element\"><div class=\"widget widget_search\"><form role=\"search\" method=\"get\" class=\"search-form\" action=\"https:\/\/henrycath.com\/en\/\" data-trp-original-action=\"https:\/\/henrycath.com\/en\/\">\n\t\t\t\t<label>\n\t\t\t\t\t<span class=\"screen-reader-text\">Search for:<\/span>\n\t\t\t\t\t<input type=\"search\" class=\"search-field\" placeholder=\"Search &hellip;\" value=\"\" name=\"s\" \/>\n\t\t\t\t<\/label>\n\t\t\t\t<input type=\"submit\" class=\"search-submit\" value=\"Search\" \/>\n\t\t\t<input type=\"hidden\" name=\"trp-form-language\" value=\"en\"\/><\/form><\/div><\/div><\/div><\/div><\/div><\/div>","protected":false},"excerpt":{"rendered":"Henry Cath cr\u00e9e et fabrique des luminaires et du mobilier \u00e0 Marrakech Ses collections revisitent l\u2019artisanat marocain en apportant une touche personnalis\u00e9e. La soci\u00e9t\u00e9 est aussi sp\u00e9cialis\u00e9e dans la fabrication sur-mesure pour les professionnels depuis 1997. Situ\u00e9 au c\u0153ur du quartier industriel, un show-room vous accueille sur 600 m2. Afin d\u2019obtenir un tr\u00e8s bon niveau [...]","protected":false},"author":28,"featured_media":0,"parent":0,"menu_order":0,"comment_status":"closed","ping_status":"closed","template":"page-services.php","meta":[],"_links":{"self":[{"href":"https:\/\/henrycath.com\/en\/wp-json\/wp\/v2\/pages\/7950"}],"collection":[{"href":"https:\/\/henrycath.com\/en\/wp-json\/wp\/v2\/pages"}],"about":[{"href":"https:\/\/henrycath.com\/en\/wp-json\/wp\/v2\/types\/page"}],"author":[{"embeddable":true,"href":"https:\/\/henrycath.com\/en\/wp-json\/wp\/v2\/users\/28"}],"replies":[{"embeddable":true,"href":"https:\/\/henrycath.com\/en\/wp-json\/wp\/v2\/comments?post=7950"}],"version-history":[{"count":75,"href":"https:\/\/henrycath.com\/en\/wp-json\/wp\/v2\/pages\/7950\/revisions"}],"predecessor-version":[{"id":13683,"href":"https:\/\/henrycath.com\/en\/wp-json\/wp\/v2\/pages\/7950\/revisions\/13683"}],"wp:attachment":[{"href":"https:\/\/henrycath.com\/en\/wp-json\/wp\/v2\/media?parent=7950"}],"curies":[{"name":"wp","href":"https:\/\/api.w.org\/{rel}","templated":true}]}}