{"id":15182,"date":"2020-08-28T14:45:46","date_gmt":"2020-08-28T14:45:46","guid":{"rendered":"http:\/\/henrycath.com\/?page_id=15182"},"modified":"2021-04-20T15:33:55","modified_gmt":"2021-04-20T15:33:55","slug":"tables-basses","status":"publish","type":"page","link":"https:\/\/henrycath.com\/en\/tables-basses\/","title":{"rendered":"COFFEE TABLE"},"content":{"rendered":"<div class=\"vc_row wpb_row vc_row-fluid\"><div class=\"wpb_column vc_column_container vc_col-sm-12\"><div class=\"vc_column-inner\"><div class=\"wpb_wrapper\"><div class=\"vc_empty_space\"   style=\"height: 30px\"><span class=\"vc_empty_space_inner\"><\/span><\/div>\n\t<div class=\"wpb_text_column wpb_content_element\" >\n\t\t<div class=\"wpb_wrapper\">\n\t\t\t<h3><\/h3>\n<h3><strong>COFFEE TABLE<\/strong><\/h3>\n<p><span style=\"color: #5a483c;\">Depending on the model, these tables can be personalised<\/span><\/p>\n\n\t\t<\/div>\n\t<\/div>\n<div class=\"vc_empty_space\"   style=\"height: 30px\"><span class=\"vc_empty_space_inner\"><\/span><\/div><div  class=\"vc_wp_search wpb_content_element\"><div class=\"widget widget_search\"><form role=\"search\" method=\"get\" class=\"search-form\" action=\"https:\/\/henrycath.com\/en\/\" data-trp-original-action=\"https:\/\/henrycath.com\/en\/\">\n\t\t\t\t<label>\n\t\t\t\t\t<span class=\"screen-reader-text\">Search for:<\/span>\n\t\t\t\t\t<input type=\"search\" class=\"search-field\" placeholder=\"Search &hellip;\" value=\"\" name=\"s\" \/>\n\t\t\t\t<\/label>\n\t\t\t\t<input type=\"submit\" class=\"search-submit\" value=\"Search\" \/>\n\t\t\t<input type=\"hidden\" name=\"trp-form-language\" value=\"en\"\/><\/form><\/div><\/div><\/div><\/div><\/div><\/div><div class=\"vc_row wpb_row vc_row-fluid\"><div class=\"wpb_column vc_column_container vc_col-sm-3\"><div class=\"vc_column-inner\"><div class=\"wpb_wrapper\"><div class=\"content-box service-item alignment-centered service-box-dark spacing-30\"><a href=\"\/en\/product\/athos\/\"><div class=\"image-container\"><div class=\"vertical-number-box\"><span class=\"vertical-number\">01<\/span><\/div><div class=\"arrow-box\"><span class=\"icon-arrow-right\"><\/span><\/div><img src=\"https:\/\/henrycath.com\/wp-content\/uploads\/2020\/08\/MOB-1.jpg\" alt=\"ATHOS\"><\/div><div class=\"content-box-info\"><h4 class=\"box-heading\">ATHOS<\/h4><\/div><\/a><\/div><div class=\"content-box service-item alignment-centered service-box-dark spacing-30\"><a href=\"\/en\/product\/SOLITAIRE\/\"><div class=\"image-container\"><div class=\"vertical-number-box\"><span class=\"vertical-number\">01<\/span><\/div><div class=\"arrow-box\"><span class=\"icon-arrow-right\"><\/span><\/div><img src=\"https:\/\/henrycath.com\/wp-content\/uploads\/2020\/08\/MOB-42.jpg\" alt=\"SOLITAIRE\"><\/div><div class=\"content-box-info\"><h4 class=\"box-heading\">SOLITAIRE<\/h4><\/div><\/a><\/div><div class=\"content-box service-item alignment-centered service-box-dark spacing-30\"><a href=\"\/en\/product\/CONFIDENCE\/\"><div class=\"image-container\"><div class=\"vertical-number-box\"><span class=\"vertical-number\">01<\/span><\/div><div class=\"arrow-box\"><span class=\"icon-arrow-right\"><\/span><\/div><img src=\"https:\/\/henrycath.com\/wp-content\/uploads\/2020\/08\/MOB-50-e1598697224560.jpg\" alt=\"CONFIDENCE\"><\/div><div class=\"content-box-info\"><h4 class=\"box-heading\">CONFIDENCE<\/h4><\/div><\/a><\/div><div class=\"content-box service-item alignment-centered service-box-dark spacing-30\"><a href=\"\/en\/product\/TAOS\/\"><div class=\"image-container\"><div class=\"vertical-number-box\"><span class=\"vertical-number\">01<\/span><\/div><div class=\"arrow-box\"><span class=\"icon-arrow-right\"><\/span><\/div><img src=\"https:\/\/henrycath.com\/wp-content\/uploads\/2020\/08\/MOB-40-e1598697269636.jpg\" alt=\"TAOS\"><\/div><div class=\"content-box-info\"><h4 class=\"box-heading\">TAOS<\/h4><\/div><\/a><\/div><\/div><\/div><\/div><div class=\"wpb_column vc_column_container vc_col-sm-3\"><div class=\"vc_column-inner\"><div class=\"wpb_wrapper\"><div class=\"content-box service-item alignment-centered service-box-dark spacing-30\"><a href=\"\/en\/product\/AREN\/\"><div class=\"image-container\"><div class=\"vertical-number-box\"><span class=\"vertical-number\">01<\/span><\/div><div class=\"arrow-box\"><span class=\"icon-arrow-right\"><\/span><\/div><img src=\"https:\/\/henrycath.com\/wp-content\/uploads\/2020\/08\/MOB-23.jpg\" alt=\"AREN\"><\/div><div class=\"content-box-info\"><h4 class=\"box-heading\">AREN<\/h4><\/div><\/a><\/div><div class=\"content-box service-item alignment-centered service-box-dark spacing-30\"><a href=\"\/en\/product\/BELPOLA\/\"><div class=\"image-container\"><div class=\"vertical-number-box\"><span class=\"vertical-number\">01<\/span><\/div><div class=\"arrow-box\"><span class=\"icon-arrow-right\"><\/span><\/div><img src=\"https:\/\/henrycath.com\/wp-content\/uploads\/2020\/08\/MOB-57.jpg\" alt=\"BELPOLA\"><\/div><div class=\"content-box-info\"><h4 class=\"box-heading\">BELPOLA<\/h4><\/div><\/a><\/div><div class=\"content-box service-item alignment-centered service-box-dark spacing-30\"><a href=\"\/en\/product\/EMIRATI\/\"><div class=\"image-container\"><div class=\"vertical-number-box\"><span class=\"vertical-number\">01<\/span><\/div><div class=\"arrow-box\"><span class=\"icon-arrow-right\"><\/span><\/div><img src=\"https:\/\/henrycath.com\/wp-content\/uploads\/2020\/08\/MOB-47-e1598697237949.jpg\" alt=\"EMIRATI\"><\/div><div class=\"content-box-info\"><h4 class=\"box-heading\">EMIRATI<\/h4><\/div><\/a><\/div><div class=\"content-box service-item alignment-centered service-box-dark spacing-30\"><a href=\"\/en\/product\/SISTEL\/\"><div class=\"image-container\"><div class=\"vertical-number-box\"><span class=\"vertical-number\">01<\/span><\/div><div class=\"arrow-box\"><span class=\"icon-arrow-right\"><\/span><\/div><img src=\"https:\/\/henrycath.com\/wp-content\/uploads\/2020\/08\/MOB-54.jpg\" alt=\"SISTEL\"><\/div><div class=\"content-box-info\"><h4 class=\"box-heading\">SISTEL<\/h4><\/div><\/a><\/div><\/div><\/div><\/div><div class=\"wpb_column vc_column_container vc_col-sm-3\"><div class=\"vc_column-inner\"><div class=\"wpb_wrapper\"><div class=\"content-box service-item alignment-centered service-box-dark spacing-30\"><a href=\"\/en\/product\/SALAMA\/\"><div class=\"image-container\"><div class=\"vertical-number-box\"><span class=\"vertical-number\">01<\/span><\/div><div class=\"arrow-box\"><span class=\"icon-arrow-right\"><\/span><\/div><img src=\"https:\/\/henrycath.com\/wp-content\/uploads\/2020\/08\/MOB-53.jpg\" alt=\"SALAMA\"><\/div><div class=\"content-box-info\"><h4 class=\"box-heading\">SALAMA<\/h4><\/div><\/a><\/div><div class=\"content-box service-item alignment-centered service-box-dark spacing-30\"><a href=\"\/en\/product\/COSY-KECH\/\"><div class=\"image-container\"><div class=\"vertical-number-box\"><span class=\"vertical-number\">01<\/span><\/div><div class=\"arrow-box\"><span class=\"icon-arrow-right\"><\/span><\/div><img src=\"https:\/\/henrycath.com\/wp-content\/uploads\/2020\/08\/MOB-24.jpg\" alt=\"COSY KECH\"><\/div><div class=\"content-box-info\"><h4 class=\"box-heading\">COSY KECH<\/h4><\/div><\/a><\/div><div class=\"content-box service-item alignment-centered service-box-dark spacing-30\"><a href=\"\/en\/product\/EVOLUTION\/\"><div class=\"image-container\"><div class=\"vertical-number-box\"><span class=\"vertical-number\">01<\/span><\/div><div class=\"arrow-box\"><span class=\"icon-arrow-right\"><\/span><\/div><img src=\"https:\/\/henrycath.com\/wp-content\/uploads\/2020\/08\/MOB-32.jpg\" alt=\"EVOLUTION\"><\/div><div class=\"content-box-info\"><h4 class=\"box-heading\">EVOLUTION<\/h4><\/div><\/a><\/div><\/div><\/div><\/div><div class=\"wpb_column vc_column_container vc_col-sm-3\"><div class=\"vc_column-inner\"><div class=\"wpb_wrapper\"><div class=\"content-box service-item alignment-centered service-box-dark spacing-30\"><a href=\"\/en\/product\/ELITE\/\"><div class=\"image-container\"><div class=\"vertical-number-box\"><span class=\"vertical-number\">01<\/span><\/div><div class=\"arrow-box\"><span class=\"icon-arrow-right\"><\/span><\/div><img src=\"https:\/\/henrycath.com\/wp-content\/uploads\/2020\/08\/MOB-46.jpg\" alt=\"ELITE\"><\/div><div class=\"content-box-info\"><h4 class=\"box-heading\">ELITE<\/h4><\/div><\/a><\/div><div class=\"content-box service-item alignment-centered service-box-dark spacing-30\"><a href=\"\/en\/product\/BERLIN-2\/\"><div class=\"image-container\"><div class=\"vertical-number-box\"><span class=\"vertical-number\">01<\/span><\/div><div class=\"arrow-box\"><span class=\"icon-arrow-right\"><\/span><\/div><img src=\"https:\/\/henrycath.com\/wp-content\/uploads\/2020\/08\/MOB-28.jpg\" alt=\"BERLIN\"><\/div><div class=\"content-box-info\"><h4 class=\"box-heading\">BERLIN<\/h4><\/div><\/a><\/div><div class=\"content-box service-item alignment-centered service-box-dark spacing-30\"><a href=\"\/en\/product\/CARTEL\/\"><div class=\"image-container\"><div class=\"vertical-number-box\"><span class=\"vertical-number\">01<\/span><\/div><div class=\"arrow-box\"><span class=\"icon-arrow-right\"><\/span><\/div><img src=\"https:\/\/henrycath.com\/wp-content\/uploads\/2020\/08\/MOB-44-e1598697250705.jpg\" alt=\"CARTEL\"><\/div><div class=\"content-box-info\"><h4 class=\"box-heading\">CARTEL<\/h4><\/div><\/a><\/div><\/div><\/div><\/div><\/div>","protected":false},"excerpt":{"rendered":"Tables basses : Selon les model\u00e9s ces tables peuvent \u00eatre personnalis\u00e9es. Search for: 01ATHOS01SOLITAIRE01CONFIDENCE01TAOS01AREN01BELPOLA01EMIRATI01SISTEL01SALAMA01COSY KECH01EVOLUTION01ELITE01BERLIN01CARTEL","protected":false},"author":28,"featured_media":0,"parent":0,"menu_order":0,"comment_status":"closed","ping_status":"closed","template":"page-slider.php","meta":[],"_links":{"self":[{"href":"https:\/\/henrycath.com\/en\/wp-json\/wp\/v2\/pages\/15182"}],"collection":[{"href":"https:\/\/henrycath.com\/en\/wp-json\/wp\/v2\/pages"}],"about":[{"href":"https:\/\/henrycath.com\/en\/wp-json\/wp\/v2\/types\/page"}],"author":[{"embeddable":true,"href":"https:\/\/henrycath.com\/en\/wp-json\/wp\/v2\/users\/28"}],"replies":[{"embeddable":true,"href":"https:\/\/henrycath.com\/en\/wp-json\/wp\/v2\/comments?post=15182"}],"version-history":[{"count":10,"href":"https:\/\/henrycath.com\/en\/wp-json\/wp\/v2\/pages\/15182\/revisions"}],"predecessor-version":[{"id":15536,"href":"https:\/\/henrycath.com\/en\/wp-json\/wp\/v2\/pages\/15182\/revisions\/15536"}],"wp:attachment":[{"href":"https:\/\/henrycath.com\/en\/wp-json\/wp\/v2\/media?parent=15182"}],"curies":[{"name":"wp","href":"https:\/\/api.w.org\/{rel}","templated":true}]}}