{"id":14672,"date":"2020-08-10T15:59:46","date_gmt":"2020-08-10T15:59:46","guid":{"rendered":"http:\/\/henrycath.com\/?page_id=14672"},"modified":"2025-05-28T18:10:00","modified_gmt":"2025-05-28T18:10:00","slug":"nous-contacter","status":"publish","type":"page","link":"https:\/\/henrycath.com\/en\/nous-contacter\/","title":{"rendered":"Nous contacter"},"content":{"rendered":"<div data-vc-full-width=\"true\" data-vc-full-width-init=\"false\" class=\"vc_row wpb_row vc_row-fluid vc_custom_1536576400866 vc_row-has-fill\"><div class=\"wpb_column vc_column_container vc_col-sm-4\"><div class=\"vc_column-inner\"><div class=\"wpb_wrapper\"><div class=\"feature-box icon-top-centered box-hovered spacing-30 spacing-mob-30\"><span class=\"lnr lnr-phone\"><\/span><div class=\"content-wrapper\"><h3 class=\"feature-title\">+212 524 33 88 30<\/h3><p class=\"feature-text\">Contact WhatsApp\n during opening hours\n +212659909928<\/p><\/div><\/div><\/div><\/div><\/div><div class=\"wpb_column vc_column_container vc_col-sm-4\"><div class=\"vc_column-inner\"><div class=\"wpb_wrapper\"><div class=\"feature-box icon-top-centered box-hovered spacing-30 spacing-mob-30\"><span class=\"lnr lnr-envelope\"><\/span><div class=\"content-wrapper\"><h3 class=\"feature-title\">henrycath@gmail.com<\/h3><p class=\"feature-text\">For all correspondence<\/p><\/div><\/div><\/div><\/div><\/div><div class=\"wpb_column vc_column_container vc_col-sm-4\"><div class=\"vc_column-inner\"><div class=\"wpb_wrapper\"><div class=\"feature-box icon-top-centered box-hovered spacing-30 spacing-mob-30\"><span class=\"lnr lnr-home\"><\/span><div class=\"content-wrapper\"><h3 class=\"feature-title\">139, Q.I, Sidi Ghanem, Marrakech<\/h3><p class=\"feature-text\">Showroom open from 9 am \u2013 5.30 pm Monday to Friday\n9 am to 1 pm on Saturday<\/p><\/div><\/div><\/div><\/div><\/div><\/div><div class=\"vc_row-full-width vc_clearfix\"><\/div><div class=\"vc_row wpb_row vc_row-fluid vc_custom_1534163990014 vc_column-gap-30\"><div class=\"wpb_column vc_column_container vc_col-sm-12\"><div class=\"vc_column-inner\"><div class=\"wpb_wrapper\"><span class=\"subtitle dash-true style-dark text-default\">LEAVE A MESSAGE<\/span>\n\t<div class=\"wpb_text_column wpb_content_element  wpb_animate_when_almost_visible wpb_fadeIn fadeIn vc_custom_1594408734540\" >\n\t\t<div class=\"wpb_wrapper\">\n\t\t\t<h2>We look forward to hearing from you<\/h2>\n\n\t\t<\/div>\n\t<\/div>\n<div class=\"vc_row wpb_row vc_inner vc_row-fluid vc_custom_1535104842056 vc_column-gap-30 vc_row-o-equal-height vc_row-flex\"><div class=\"shadow-box wpb_column vc_column_container vc_col-sm-12\"><div class=\"vc_column-inner\"><div class=\"wpb_wrapper\"><div role=\"form\" class=\"wpcf7\" id=\"wpcf7-f6793-o1\" lang=\"en-US\" dir=\"ltr\">\n<div class=\"screen-reader-response\" role=\"alert\" aria-live=\"polite\"><\/div>\n<form action=\"\/en\/wp-json\/wp\/v2\/pages\/14672#wpcf7-f6793-o1\" method=\"post\" class=\"wpcf7-form init\" novalidate=\"novalidate\" data-trp-original-action=\"\/en\/wp-json\/wp\/v2\/pages\/14672#wpcf7-f6793-o1\">\n<div style=\"display: none;\">\n<input type=\"hidden\" name=\"_wpcf7\" value=\"6793\" \/>\n<input type=\"hidden\" name=\"_wpcf7_version\" value=\"5.2.1\" \/>\n<input type=\"hidden\" name=\"_wpcf7_locale\" value=\"en_US\" \/>\n<input type=\"hidden\" name=\"_wpcf7_unit_tag\" value=\"wpcf7-f6793-o1\" \/>\n<input type=\"hidden\" name=\"_wpcf7_container_post\" value=\"0\" \/>\n<input type=\"hidden\" name=\"_wpcf7_posted_data_hash\" value=\"\" \/>\n<\/div>\n<p><span class=\"wpcf7-form-control-wrap your-name\"><input type=\"text\" name=\"your-name\" value=\"\" size=\"40\" class=\"wpcf7-form-control wpcf7-text wpcf7-validates-as-required\" aria-required=\"true\" aria-invalid=\"false\" placeholder=\"Last name &amp; First Name\" \/><\/span><\/p>\n<p><span class=\"wpcf7-form-control-wrap your-email\"><input type=\"email\" name=\"your-email\" value=\"\" size=\"40\" class=\"wpcf7-form-control wpcf7-text wpcf7-email wpcf7-validates-as-required wpcf7-validates-as-email\" aria-required=\"true\" aria-invalid=\"false\" placeholder=\"Mail\" \/><\/span><\/p>\n<p><span class=\"wpcf7-form-control-wrap tel-391\"><input type=\"tel\" name=\"tel-391\" value=\"\" size=\"40\" class=\"wpcf7-form-control wpcf7-text wpcf7-tel wpcf7-validates-as-tel\" aria-invalid=\"false\" placeholder=\"Phone\" \/><\/span><\/p>\n<p><span class=\"wpcf7-form-control-wrap classderolclass\"><select name=\"class:derolclass\" class=\"wpcf7-form-control wpcf7-select wpcf7-validates-as-required\" aria-required=\"true\" aria-invalid=\"false\"><option value=\"Activit\u00e9\">Activit\u00e9<\/option><option value=\"Particulier\">Particular<\/option><option value=\"H\u00f4tel\/Restaurant\">H\u00f4tel\/Restaurant<\/option><option value=\"Architecte\">Architect<\/option><option value=\"Autres\">Other<\/option><\/select><\/span><\/p>\n<p><span class=\"wpcf7-form-control-wrap your-subject\"><input type=\"text\" name=\"your-subject\" value=\"\" size=\"40\" class=\"wpcf7-form-control wpcf7-text wpcf7-validates-as-required\" aria-required=\"true\" aria-invalid=\"false\" placeholder=\"Subject\" \/><\/span><\/p>\n<p><span class=\"wpcf7-form-control-wrap your-message\"><textarea name=\"your-message\" cols=\"5\" rows=\"1\" class=\"wpcf7-form-control wpcf7-textarea wpcf7-validates-as-required\" aria-required=\"true\" aria-invalid=\"false\" placeholder=\"Message\"><\/textarea><\/span><\/p>\n<p><input type=\"submit\" value=\"Send\" class=\"wpcf7-form-control wpcf7-submit\" \/><\/p>\n<div class=\"wpcf7-response-output\" role=\"alert\" aria-hidden=\"true\"><\/div><input type=\"hidden\" name=\"trp-form-language\" value=\"en\"\/><\/form><\/div><\/div><\/div><\/div><\/div><\/div><\/div><\/div><\/div><div data-vc-full-width=\"true\" data-vc-full-width-init=\"false\" data-vc-stretch-content=\"true\" class=\"vc_row wpb_row vc_row-fluid\"><div class=\"wpb_column vc_column_container vc_col-sm-12\"><div class=\"vc_column-inner\"><div class=\"wpb_wrapper\"><h2 style=\"text-align: center;font-family:Allerta;font-weight:400;font-style:normal\" class=\"vc_custom_heading\" >Visit our showroom<\/h2><span style=\"color:#602d0f\" class=\"subtitle dash-true style-dark text-center\"><\/span><div class=\"wpb_gmaps_widget wpb_content_element\"><div class=\"wpb_wrapper\"><div class=\"wpb_map_wraper\"><iframe src=\"https:\/\/www.google.com\/maps\/embed?pb=!1m18!1m12!1m3!1d3395.777682915388!2d-8.04274168450961!3d31.66730154703982!2m3!1f0!2f0!3f0!3m2!1i1024!2i768!4f13.1!3m3!1m2!1s0xdafec752591e655%3A0x257b332ca8aebfcb!2sHenry%20Cath!5e0!3m2!1sen!2sma!4v1594420110764!5m2!1sen!2sma\" width=\"600\" height=\"450\" frameborder=\"0\" style=\"border:0;\" allowfullscreen=\"\" aria-hidden=\"false\" tabindex=\"0\"><\/iframe><\/div><\/div><\/div><\/div><\/div><\/div><\/div><div class=\"vc_row-full-width vc_clearfix\"><\/div>","protected":false},"excerpt":{"rendered":"+212 524 33 88 30Contact WhatsApp aux heures d&#039;ouverture +212659909928henrycath@gmail.comPour toute correspondance139, Q.I, Sidi Ghanem, MarrakechSR ouvert de 09h00 - 17h30 du Lundi au Vendredi. 09h00 - 13h00 le SamediLAISSEZ NOUS UN MESSAGE Nous sommes \u00e0 votre \u00e9coute. Activit\u00e9ParticulierH\u00f4tel\/RestaurantArchitecteAutres Visitez notre showroom","protected":false},"author":28,"featured_media":0,"parent":0,"menu_order":0,"comment_status":"closed","ping_status":"closed","template":"","meta":[],"_links":{"self":[{"href":"https:\/\/henrycath.com\/en\/wp-json\/wp\/v2\/pages\/14672"}],"collection":[{"href":"https:\/\/henrycath.com\/en\/wp-json\/wp\/v2\/pages"}],"about":[{"href":"https:\/\/henrycath.com\/en\/wp-json\/wp\/v2\/types\/page"}],"author":[{"embeddable":true,"href":"https:\/\/henrycath.com\/en\/wp-json\/wp\/v2\/users\/28"}],"replies":[{"embeddable":true,"href":"https:\/\/henrycath.com\/en\/wp-json\/wp\/v2\/comments?post=14672"}],"version-history":[{"count":5,"href":"https:\/\/henrycath.com\/en\/wp-json\/wp\/v2\/pages\/14672\/revisions"}],"predecessor-version":[{"id":15818,"href":"https:\/\/henrycath.com\/en\/wp-json\/wp\/v2\/pages\/14672\/revisions\/15818"}],"wp:attachment":[{"href":"https:\/\/henrycath.com\/en\/wp-json\/wp\/v2\/media?parent=14672"}],"curies":[{"name":"wp","href":"https:\/\/api.w.org\/{rel}","templated":true}]}}