{"id":13826,"date":"2020-07-11T15:38:24","date_gmt":"2020-07-11T15:38:24","guid":{"rendered":"https:\/\/onepoint.ma\/hc\/?page_id=13826"},"modified":"2021-04-20T15:35:32","modified_gmt":"2021-04-20T15:35:32","slug":"lampes-au-sol","status":"publish","type":"page","link":"https:\/\/henrycath.com\/en\/lampes-au-sol\/","title":{"rendered":"FLOOR LAMPS"},"content":{"rendered":"<div class=\"vc_row wpb_row vc_row-fluid\"><div class=\"wpb_column vc_column_container vc_col-sm-12\"><div class=\"vc_column-inner\"><div class=\"wpb_wrapper\"><div class=\"vc_empty_space\"   style=\"height: 30px\"><span class=\"vc_empty_space_inner\"><\/span><\/div>\n\t<div class=\"wpb_text_column wpb_content_element\" >\n\t\t<div class=\"wpb_wrapper\">\n\t\t\t<h3><\/h3>\n<h3><strong>FLOOR LAMPS<\/strong><\/h3>\n<p><span style=\"color: #5a483c;\">Discreet, refined or practical, they will provide perfect secluded lighting to your interior<\/span><\/p>\n\n\t\t<\/div>\n\t<\/div>\n<div class=\"vc_empty_space\"   style=\"height: 30px\"><span class=\"vc_empty_space_inner\"><\/span><\/div><div  class=\"vc_wp_search wpb_content_element\"><div class=\"widget widget_search\"><form role=\"search\" method=\"get\" class=\"search-form\" action=\"https:\/\/henrycath.com\/en\/\" data-trp-original-action=\"https:\/\/henrycath.com\/en\/\">\n\t\t\t\t<label>\n\t\t\t\t\t<span class=\"screen-reader-text\">Search for:<\/span>\n\t\t\t\t\t<input type=\"search\" class=\"search-field\" placeholder=\"Search &hellip;\" value=\"\" name=\"s\" \/>\n\t\t\t\t<\/label>\n\t\t\t\t<input type=\"submit\" class=\"search-submit\" value=\"Search\" \/>\n\t\t\t<input type=\"hidden\" name=\"trp-form-language\" value=\"en\"\/><\/form><\/div><\/div><\/div><\/div><\/div><\/div><div class=\"vc_row wpb_row vc_row-fluid\"><div class=\"wpb_column vc_column_container vc_col-sm-3\"><div class=\"vc_column-inner\"><div class=\"wpb_wrapper\"><div class=\"content-box service-item alignment-centered service-box-dark spacing-30\"><a href=\"\/en\/product\/ortez\/\"><div class=\"image-container\"><div class=\"vertical-number-box\"><span class=\"vertical-number\">01<\/span><\/div><div class=\"arrow-box\"><span class=\"icon-arrow-right\"><\/span><\/div><img src=\"https:\/\/henrycath.com\/wp-content\/uploads\/2020\/08\/LPA-7.jpg\" alt=\"ORTEZ\"><\/div><div class=\"content-box-info\"><h4 class=\"box-heading\">ORTEZ<\/h4><\/div><\/a><\/div><div class=\"content-box service-item alignment-centered service-box-dark spacing-30\"><a href=\"\/en\/product\/ceriane\/\"><div class=\"image-container\"><div class=\"vertical-number-box\"><span class=\"vertical-number\">01<\/span><\/div><div class=\"arrow-box\"><span class=\"icon-arrow-right\"><\/span><\/div><img src=\"https:\/\/henrycath.com\/wp-content\/uploads\/2020\/08\/LPA-12.jpg\" alt=\"CERIANE\"><\/div><div class=\"content-box-info\"><h4 class=\"box-heading\">CERIANE<\/h4><\/div><\/a><\/div><div class=\"content-box service-item alignment-centered service-box-dark spacing-30\"><a href=\"\/en\/product\/brune\/\"><div class=\"image-container\"><div class=\"vertical-number-box\"><span class=\"vertical-number\">01<\/span><\/div><div class=\"arrow-box\"><span class=\"icon-arrow-right\"><\/span><\/div><img src=\"https:\/\/henrycath.com\/wp-content\/uploads\/2020\/08\/LPA-20-1.jpg\" alt=\"BRUNE\"><\/div><div class=\"content-box-info\"><h4 class=\"box-heading\">BRUNE<\/h4><\/div><\/a><\/div><div class=\"content-box service-item alignment-centered service-box-dark spacing-30\"><a href=\"\/en\/product\/solara\/\"><div class=\"image-container\"><div class=\"vertical-number-box\"><span class=\"vertical-number\">01<\/span><\/div><div class=\"arrow-box\"><span class=\"icon-arrow-right\"><\/span><\/div><img src=\"https:\/\/henrycath.com\/wp-content\/uploads\/2020\/08\/LPA-18-1.jpg\" alt=\"SOLARA\"><\/div><div class=\"content-box-info\"><h4 class=\"box-heading\">SOLARA<\/h4><\/div><\/a><\/div><\/div><\/div><\/div><div class=\"wpb_column vc_column_container vc_col-sm-3\"><div class=\"vc_column-inner\"><div class=\"wpb_wrapper\"><div class=\"content-box service-item alignment-centered service-box-dark spacing-30\"><a href=\"\/en\/product\/softi\/\"><div class=\"image-container\"><div class=\"vertical-number-box\"><span class=\"vertical-number\">01<\/span><\/div><div class=\"arrow-box\"><span class=\"icon-arrow-right\"><\/span><\/div><img src=\"https:\/\/henrycath.com\/wp-content\/uploads\/2020\/08\/LPA-6.jpg\" alt=\"SOFTI\"><\/div><div class=\"content-box-info\"><h4 class=\"box-heading\">SOFTI<\/h4><\/div><\/a><\/div><div class=\"content-box service-item alignment-centered service-box-dark spacing-30\"><a href=\"\/en\/product\/warda\/\"><div class=\"image-container\"><div class=\"vertical-number-box\"><span class=\"vertical-number\">01<\/span><\/div><div class=\"arrow-box\"><span class=\"icon-arrow-right\"><\/span><\/div><img src=\"https:\/\/henrycath.com\/wp-content\/uploads\/2020\/08\/LPA-14-e1598622967548.jpg\" alt=\"WARDA\"><\/div><div class=\"content-box-info\"><h4 class=\"box-heading\">WARDA<\/h4><\/div><\/a><\/div><div class=\"content-box service-item alignment-centered service-box-dark spacing-30\"><a href=\"\/en\/product\/seville\/\"><div class=\"image-container\"><div class=\"vertical-number-box\"><span class=\"vertical-number\">01<\/span><\/div><div class=\"arrow-box\"><span class=\"icon-arrow-right\"><\/span><\/div><img src=\"https:\/\/henrycath.com\/wp-content\/uploads\/2020\/08\/LPA-16.jpg\" alt=\"SEVILLE\"><\/div><div class=\"content-box-info\"><h4 class=\"box-heading\">SEVILLE<\/h4><\/div><\/a><\/div><div class=\"content-box service-item alignment-centered service-box-dark spacing-30\"><a href=\"\/en\/product\/lectio\/\"><div class=\"image-container\"><div class=\"vertical-number-box\"><span class=\"vertical-number\">01<\/span><\/div><div class=\"arrow-box\"><span class=\"icon-arrow-right\"><\/span><\/div><img src=\"https:\/\/henrycath.com\/wp-content\/uploads\/2020\/08\/LPA-17-2.jpg\" alt=\"LECTIO\"><\/div><div class=\"content-box-info\"><h4 class=\"box-heading\">LECTIO<\/h4><\/div><\/a><\/div><\/div><\/div><\/div><div class=\"wpb_column vc_column_container vc_col-sm-3\"><div class=\"vc_column-inner\"><div class=\"wpb_wrapper\"><div class=\"content-box service-item alignment-centered service-box-dark spacing-30\"><a href=\"\/en\/product\/world-gm\/\"><div class=\"image-container\"><div class=\"vertical-number-box\"><span class=\"vertical-number\">01<\/span><\/div><div class=\"arrow-box\"><span class=\"icon-arrow-right\"><\/span><\/div><img src=\"https:\/\/henrycath.com\/wp-content\/uploads\/2020\/08\/LPA-10-1.jpg\" alt=\"WORLD GM\"><\/div><div class=\"content-box-info\"><h4 class=\"box-heading\">WORLD GM<\/h4><\/div><\/a><\/div><div class=\"content-box service-item alignment-centered service-box-dark spacing-30\"><a href=\"\/en\/product\/kernite\/\"><div class=\"image-container\"><div class=\"vertical-number-box\"><span class=\"vertical-number\">01<\/span><\/div><div class=\"arrow-box\"><span class=\"icon-arrow-right\"><\/span><\/div><img src=\"https:\/\/henrycath.com\/wp-content\/uploads\/2020\/08\/LPA-13-e1598622979651.jpg\" alt=\"KERNITE\"><\/div><div class=\"content-box-info\"><h4 class=\"box-heading\">KERNITE<\/h4><\/div><\/a><\/div><div class=\"content-box service-item alignment-centered service-box-dark spacing-30\"><a href=\"\/en\/product\/serenite\/\"><div class=\"image-container\"><div class=\"vertical-number-box\"><span class=\"vertical-number\">01<\/span><\/div><div class=\"arrow-box\"><span class=\"icon-arrow-right\"><\/span><\/div><img src=\"https:\/\/henrycath.com\/wp-content\/uploads\/2020\/08\/LPA-15.jpg\" alt=\"SERENITE\"><\/div><div class=\"content-box-info\"><h4 class=\"box-heading\">SERENITE<\/h4><\/div><\/a><\/div><div class=\"content-box service-item alignment-centered service-box-dark spacing-30\"><a href=\"\/en\/product\/darmia\/\"><div class=\"image-container\"><div class=\"vertical-number-box\"><span class=\"vertical-number\">01<\/span><\/div><div class=\"arrow-box\"><span class=\"icon-arrow-right\"><\/span><\/div><img src=\"https:\/\/henrycath.com\/wp-content\/uploads\/2020\/08\/LPA-8-1.jpg\" alt=\"DARMIA\"><\/div><div class=\"content-box-info\"><h4 class=\"box-heading\">DARMIA<\/h4><\/div><\/a><\/div><\/div><\/div><\/div><div class=\"wpb_column vc_column_container vc_col-sm-3\"><div class=\"vc_column-inner\"><div class=\"wpb_wrapper\"><div class=\"content-box service-item alignment-centered service-box-dark spacing-30\"><a href=\"\/en\/product\/stefania\/\"><div class=\"image-container\"><div class=\"vertical-number-box\"><span class=\"vertical-number\">01<\/span><\/div><div class=\"arrow-box\"><span class=\"icon-arrow-right\"><\/span><\/div><img src=\"https:\/\/henrycath.com\/wp-content\/uploads\/2020\/08\/LPA-11.jpg\" alt=\"STEFANIA\"><\/div><div class=\"content-box-info\"><h4 class=\"box-heading\">STEFANIA<\/h4><\/div><\/a><\/div><div class=\"content-box service-item alignment-centered service-box-dark spacing-30\"><a href=\"\/en\/product\/bulor\/\"><div class=\"image-container\"><div class=\"vertical-number-box\"><span class=\"vertical-number\">01<\/span><\/div><div class=\"arrow-box\"><span class=\"icon-arrow-right\"><\/span><\/div><img src=\"https:\/\/henrycath.com\/wp-content\/uploads\/2020\/08\/LPA-9.jpg\" alt=\"BULOR\"><\/div><div class=\"content-box-info\"><h4 class=\"box-heading\">BULOR<\/h4><\/div><\/a><\/div><div class=\"content-box service-item alignment-centered service-box-dark spacing-30\"><a href=\"\/en\/product\/flower-gm\/\"><div class=\"image-container\"><div class=\"vertical-number-box\"><span class=\"vertical-number\">01<\/span><\/div><div class=\"arrow-box\"><span class=\"icon-arrow-right\"><\/span><\/div><img src=\"https:\/\/henrycath.com\/wp-content\/uploads\/2020\/08\/LPA-19.jpg\" alt=\"FLOWER GM\"><\/div><div class=\"content-box-info\"><h4 class=\"box-heading\">FLOWER GM<\/h4><\/div><\/a><\/div><\/div><\/div><\/div><\/div>","protected":false},"excerpt":{"rendered":"LAMPES AU SOL : Discr\u00e8tes, raffin\u00e9es ou pratiques, elles apporteront \u00e0 votre int\u00e9rieur la lumi\u00e8re indirecte qui convient. Search for: 01ORTEZ01CERIANE01BRUNE01SOLARA01SOFTI01WARDA01SEVILLE01LECTIO01WORLD GM01KERNITE01SERENITE01DARMIA01STEFANIA01BULOR01FLOWER GM","protected":false},"author":28,"featured_media":0,"parent":0,"menu_order":0,"comment_status":"closed","ping_status":"closed","template":"page-slider.php","meta":[],"_links":{"self":[{"href":"https:\/\/henrycath.com\/en\/wp-json\/wp\/v2\/pages\/13826"}],"collection":[{"href":"https:\/\/henrycath.com\/en\/wp-json\/wp\/v2\/pages"}],"about":[{"href":"https:\/\/henrycath.com\/en\/wp-json\/wp\/v2\/types\/page"}],"author":[{"embeddable":true,"href":"https:\/\/henrycath.com\/en\/wp-json\/wp\/v2\/users\/28"}],"replies":[{"embeddable":true,"href":"https:\/\/henrycath.com\/en\/wp-json\/wp\/v2\/comments?post=13826"}],"version-history":[{"count":18,"href":"https:\/\/henrycath.com\/en\/wp-json\/wp\/v2\/pages\/13826\/revisions"}],"predecessor-version":[{"id":15539,"href":"https:\/\/henrycath.com\/en\/wp-json\/wp\/v2\/pages\/13826\/revisions\/15539"}],"wp:attachment":[{"href":"https:\/\/henrycath.com\/en\/wp-json\/wp\/v2\/media?parent=13826"}],"curies":[{"name":"wp","href":"https:\/\/api.w.org\/{rel}","templated":true}]}}